{"id":832,"date":"2019-06-27T13:41:42","date_gmt":"2019-06-27T13:41:42","guid":{"rendered":"https:\/\/www.swissfoundations.ch\/themen\/"},"modified":"2021-12-02T11:45:07","modified_gmt":"2021-12-02T11:45:07","slug":"thematiques","status":"publish","type":"page","link":"https:\/\/www.swissfoundations.ch\/fr\/thematiques\/","title":{"rendered":"Th\u00e8mes"},"content":{"rendered":"<p>Les r\u00e9seaux de SwissFoundations s\u2019articulent autour de cercles de travail et de tables rondes th\u00e9matiques. Il s\u2019agit de plateformes d\u2019\u00e9change d\u2019exp\u00e9riences concr\u00e8tes, mais aussi d\u2019outils pour r\u00e9pondre aux questions d\u2019actualit\u00e9. Les cercles de travail et les tables rondes sont exclusivement ouverts aux membres.<\/p>\n","protected":false},"excerpt":{"rendered":"<p>Les r\u00e9seaux de SwissFoundations s\u2019articulent autour de cercles de travail et de tables rondes th\u00e9matiques. Il s\u2019agit de plateformes d\u2019\u00e9change d\u2019exp\u00e9riences concr\u00e8tes, mais aussi d\u2019outils pour r\u00e9pondre aux questions d\u2019actualit\u00e9. Les cercles de travail et les tables rondes sont exclusivement ouverts aux membres.<\/p>\n","protected":false},"author":3579,"featured_media":0,"parent":0,"menu_order":0,"comment_status":"closed","ping_status":"closed","template":"archive-topic.php","meta":{"_acf_changed":false,"footnotes":""},"class_list":["post-832","page","type-page","status-publish","hentry"],"acf":[],"yoast_head":"<!-- This site is optimized with the Yoast SEO plugin v24.2 - https:\/\/yoast.com\/wordpress\/plugins\/seo\/ -->\n<title>Th\u00e8mes - SwissFoundations<\/title>\n<meta name=\"robots\" content=\"index, follow, max-snippet:-1, max-image-preview:large, max-video-preview:-1\" \/>\n<link rel=\"canonical\" href=\"https:\/\/www.swissfoundations.ch\/fr\/thematiques\/\" \/>\n<meta property=\"og:locale\" content=\"fr_FR\" \/>\n<meta property=\"og:type\" content=\"article\" \/>\n<meta property=\"og:title\" content=\"Th\u00e8mes - SwissFoundations\" \/>\n<meta property=\"og:description\" content=\"Les r\u00e9seaux de SwissFoundations s\u2019articulent autour de cercles de travail et de tables rondes th\u00e9matiques. Il s\u2019agit de plateformes d\u2019\u00e9change d\u2019exp\u00e9riences concr\u00e8tes, mais aussi d\u2019outils pour r\u00e9pondre aux questions d\u2019actualit\u00e9. Les cercles de travail et les tables rondes sont exclusivement ouverts aux membres.\" \/>\n<meta property=\"og:url\" content=\"https:\/\/www.swissfoundations.ch\/fr\/thematiques\/\" \/>\n<meta property=\"og:site_name\" content=\"SwissFoundations\" \/>\n<meta property=\"article:modified_time\" content=\"2021-12-02T11:45:07+00:00\" \/>\n<meta name=\"twitter:card\" content=\"summary_large_image\" \/>\n<script type=\"application\/ld+json\" class=\"yoast-schema-graph\">{\"@context\":\"https:\/\/schema.org\",\"@graph\":[{\"@type\":\"WebPage\",\"@id\":\"https:\/\/www.swissfoundations.ch\/fr\/thematiques\/\",\"url\":\"https:\/\/www.swissfoundations.ch\/fr\/thematiques\/\",\"name\":\"Th\u00e8mes - SwissFoundations\",\"isPartOf\":{\"@id\":\"https:\/\/www.swissfoundations.ch\/fr\/#website\"},\"datePublished\":\"2019-06-27T13:41:42+00:00\",\"dateModified\":\"2021-12-02T11:45:07+00:00\",\"breadcrumb\":{\"@id\":\"https:\/\/www.swissfoundations.ch\/fr\/thematiques\/#breadcrumb\"},\"inLanguage\":\"fr-FR\",\"potentialAction\":[{\"@type\":\"ReadAction\",\"target\":[\"https:\/\/www.swissfoundations.ch\/fr\/thematiques\/\"]}]},{\"@type\":\"BreadcrumbList\",\"@id\":\"https:\/\/www.swissfoundations.ch\/fr\/thematiques\/#breadcrumb\",\"itemListElement\":[{\"@type\":\"ListItem\",\"position\":1,\"name\":\"Home\",\"item\":\"https:\/\/www.swissfoundations.ch\/fr\/\"},{\"@type\":\"ListItem\",\"position\":2,\"name\":\"Th\u00e8mes\"}]},{\"@type\":\"WebSite\",\"@id\":\"https:\/\/www.swissfoundations.ch\/fr\/#website\",\"url\":\"https:\/\/www.swissfoundations.ch\/fr\/\",\"name\":\"SwissFoundations\",\"description\":\"rderstiftungen setzen sich in der Schweiz mit Kraft und Innovation f\u00fcr das Gemeinwohl ein. Mit SwissFoundations haben sie seit 2001 einen starken Partner an der Seite.&lt;br&gt;Als Gemeinschaftsinitiative von Schweizer Stiftungen gegr\u00fcndet, vertritt SwissFoundations deren Anliegen gegen\u00fcber \u00d6ffentlichkeit, Politik und Beh\u00f6rden und setzt sich f\u00fcr die nachhaltige St\u00e4rkung privaten Stiftungsengagements ein.\",\"potentialAction\":[{\"@type\":\"SearchAction\",\"target\":{\"@type\":\"EntryPoint\",\"urlTemplate\":\"https:\/\/www.swissfoundations.ch\/fr\/?s={search_term_string}\"},\"query-input\":{\"@type\":\"PropertyValueSpecification\",\"valueRequired\":true,\"valueName\":\"search_term_string\"}}],\"inLanguage\":\"fr-FR\"}]}<\/script>\n<!-- \/ Yoast SEO plugin. -->","yoast_head_json":{"title":"Th\u00e8mes - SwissFoundations","robots":{"index":"index","follow":"follow","max-snippet":"max-snippet:-1","max-image-preview":"max-image-preview:large","max-video-preview":"max-video-preview:-1"},"canonical":"https:\/\/www.swissfoundations.ch\/fr\/thematiques\/","og_locale":"fr_FR","og_type":"article","og_title":"Th\u00e8mes - SwissFoundations","og_description":"Les r\u00e9seaux de SwissFoundations s\u2019articulent autour de cercles de travail et de tables rondes th\u00e9matiques. Il s\u2019agit de plateformes d\u2019\u00e9change d\u2019exp\u00e9riences concr\u00e8tes, mais aussi d\u2019outils pour r\u00e9pondre aux questions d\u2019actualit\u00e9. Les cercles de travail et les tables rondes sont exclusivement ouverts aux membres.","og_url":"https:\/\/www.swissfoundations.ch\/fr\/thematiques\/","og_site_name":"SwissFoundations","article_modified_time":"2021-12-02T11:45:07+00:00","twitter_card":"summary_large_image","schema":{"@context":"https:\/\/schema.org","@graph":[{"@type":"WebPage","@id":"https:\/\/www.swissfoundations.ch\/fr\/thematiques\/","url":"https:\/\/www.swissfoundations.ch\/fr\/thematiques\/","name":"Th\u00e8mes - SwissFoundations","isPartOf":{"@id":"https:\/\/www.swissfoundations.ch\/fr\/#website"},"datePublished":"2019-06-27T13:41:42+00:00","dateModified":"2021-12-02T11:45:07+00:00","breadcrumb":{"@id":"https:\/\/www.swissfoundations.ch\/fr\/thematiques\/#breadcrumb"},"inLanguage":"fr-FR","potentialAction":[{"@type":"ReadAction","target":["https:\/\/www.swissfoundations.ch\/fr\/thematiques\/"]}]},{"@type":"BreadcrumbList","@id":"https:\/\/www.swissfoundations.ch\/fr\/thematiques\/#breadcrumb","itemListElement":[{"@type":"ListItem","position":1,"name":"Home","item":"https:\/\/www.swissfoundations.ch\/fr\/"},{"@type":"ListItem","position":2,"name":"Th\u00e8mes"}]},{"@type":"WebSite","@id":"https:\/\/www.swissfoundations.ch\/fr\/#website","url":"https:\/\/www.swissfoundations.ch\/fr\/","name":"SwissFoundations","description":"rderstiftungen setzen sich in der Schweiz mit Kraft und Innovation f\u00fcr das Gemeinwohl ein. Mit SwissFoundations haben sie seit 2001 einen starken Partner an der Seite.&lt;br&gt;Als Gemeinschaftsinitiative von Schweizer Stiftungen gegr\u00fcndet, vertritt SwissFoundations deren Anliegen gegen\u00fcber \u00d6ffentlichkeit, Politik und Beh\u00f6rden und setzt sich f\u00fcr die nachhaltige St\u00e4rkung privaten Stiftungsengagements ein.","potentialAction":[{"@type":"SearchAction","target":{"@type":"EntryPoint","urlTemplate":"https:\/\/www.swissfoundations.ch\/fr\/?s={search_term_string}"},"query-input":{"@type":"PropertyValueSpecification","valueRequired":true,"valueName":"search_term_string"}}],"inLanguage":"fr-FR"}]}},"_links":{"self":[{"href":"https:\/\/www.swissfoundations.ch\/fr\/wp-json\/wp\/v2\/pages\/832","targetHints":{"allow":["GET"]}}],"collection":[{"href":"https:\/\/www.swissfoundations.ch\/fr\/wp-json\/wp\/v2\/pages"}],"about":[{"href":"https:\/\/www.swissfoundations.ch\/fr\/wp-json\/wp\/v2\/types\/page"}],"author":[{"embeddable":true,"href":"https:\/\/www.swissfoundations.ch\/fr\/wp-json\/wp\/v2\/users\/3579"}],"replies":[{"embeddable":true,"href":"https:\/\/www.swissfoundations.ch\/fr\/wp-json\/wp\/v2\/comments?post=832"}],"version-history":[{"count":12,"href":"https:\/\/www.swissfoundations.ch\/fr\/wp-json\/wp\/v2\/pages\/832\/revisions"}],"predecessor-version":[{"id":9612,"href":"https:\/\/www.swissfoundations.ch\/fr\/wp-json\/wp\/v2\/pages\/832\/revisions\/9612"}],"wp:attachment":[{"href":"https:\/\/www.swissfoundations.ch\/fr\/wp-json\/wp\/v2\/media?parent=832"}],"curies":[{"name":"wp","href":"https:\/\/api.w.org\/{rel}","templated":true}]}}