{"id":10570,"date":"2020-12-18T10:25:47","date_gmt":"2020-12-18T10:25:47","guid":{"rendered":"https:\/\/www.swissfoundations.ch\/?page_id=10570"},"modified":"2022-09-15T10:24:14","modified_gmt":"2022-09-15T10:24:14","slug":"inscription-newsletter","status":"publish","type":"page","link":"https:\/\/www.swissfoundations.ch\/fr\/inscription-newsletter\/","title":{"rendered":"Inscription newsletter"},"content":{"rendered":"","protected":false},"excerpt":{"rendered":"","protected":false},"author":3579,"featured_media":10646,"parent":0,"menu_order":0,"comment_status":"closed","ping_status":"closed","template":"pages\/page-newsletter.php","meta":{"_acf_changed":false,"footnotes":""},"class_list":["post-10570","page","type-page","status-publish","has-post-thumbnail","hentry"],"acf":[],"yoast_head":"<!-- This site is optimized with the Yoast SEO plugin v24.2 - https:\/\/yoast.com\/wordpress\/plugins\/seo\/ -->\n<title>Inscription newsletter - SwissFoundations<\/title>\n<meta name=\"robots\" content=\"index, follow, max-snippet:-1, max-image-preview:large, max-video-preview:-1\" \/>\n<link rel=\"canonical\" href=\"https:\/\/www.swissfoundations.ch\/fr\/inscription-newsletter\/\" \/>\n<meta property=\"og:locale\" content=\"fr_FR\" \/>\n<meta property=\"og:type\" content=\"article\" \/>\n<meta property=\"og:title\" content=\"Inscription newsletter - SwissFoundations\" \/>\n<meta property=\"og:url\" content=\"https:\/\/www.swissfoundations.ch\/fr\/inscription-newsletter\/\" \/>\n<meta property=\"og:site_name\" content=\"SwissFoundations\" \/>\n<meta property=\"article:modified_time\" content=\"2022-09-15T10:24:14+00:00\" \/>\n<meta property=\"og:image\" content=\"https:\/\/www.swissfoundations.ch\/wp-content\/uploads\/2021\/01\/NL-1.png\" \/>\n\t<meta property=\"og:image:width\" content=\"541\" \/>\n\t<meta property=\"og:image:height\" content=\"449\" \/>\n\t<meta property=\"og:image:type\" content=\"image\/png\" \/>\n<meta name=\"twitter:card\" content=\"summary_large_image\" \/>\n<script type=\"application\/ld+json\" class=\"yoast-schema-graph\">{\"@context\":\"https:\/\/schema.org\",\"@graph\":[{\"@type\":\"WebPage\",\"@id\":\"https:\/\/www.swissfoundations.ch\/fr\/inscription-newsletter\/\",\"url\":\"https:\/\/www.swissfoundations.ch\/fr\/inscription-newsletter\/\",\"name\":\"Inscription newsletter - SwissFoundations\",\"isPartOf\":{\"@id\":\"https:\/\/www.swissfoundations.ch\/fr\/#website\"},\"primaryImageOfPage\":{\"@id\":\"https:\/\/www.swissfoundations.ch\/fr\/inscription-newsletter\/#primaryimage\"},\"image\":{\"@id\":\"https:\/\/www.swissfoundations.ch\/fr\/inscription-newsletter\/#primaryimage\"},\"thumbnailUrl\":\"https:\/\/www.swissfoundations.ch\/wp-content\/uploads\/2021\/01\/NL-1.png\",\"datePublished\":\"2020-12-18T10:25:47+00:00\",\"dateModified\":\"2022-09-15T10:24:14+00:00\",\"breadcrumb\":{\"@id\":\"https:\/\/www.swissfoundations.ch\/fr\/inscription-newsletter\/#breadcrumb\"},\"inLanguage\":\"fr-FR\",\"potentialAction\":[{\"@type\":\"ReadAction\",\"target\":[\"https:\/\/www.swissfoundations.ch\/fr\/inscription-newsletter\/\"]}]},{\"@type\":\"ImageObject\",\"inLanguage\":\"fr-FR\",\"@id\":\"https:\/\/www.swissfoundations.ch\/fr\/inscription-newsletter\/#primaryimage\",\"url\":\"https:\/\/www.swissfoundations.ch\/wp-content\/uploads\/2021\/01\/NL-1.png\",\"contentUrl\":\"https:\/\/www.swissfoundations.ch\/wp-content\/uploads\/2021\/01\/NL-1.png\",\"width\":541,\"height\":449},{\"@type\":\"BreadcrumbList\",\"@id\":\"https:\/\/www.swissfoundations.ch\/fr\/inscription-newsletter\/#breadcrumb\",\"itemListElement\":[{\"@type\":\"ListItem\",\"position\":1,\"name\":\"Home\",\"item\":\"https:\/\/www.swissfoundations.ch\/fr\/\"},{\"@type\":\"ListItem\",\"position\":2,\"name\":\"Inscription newsletter\"}]},{\"@type\":\"WebSite\",\"@id\":\"https:\/\/www.swissfoundations.ch\/fr\/#website\",\"url\":\"https:\/\/www.swissfoundations.ch\/fr\/\",\"name\":\"SwissFoundations\",\"description\":\"rderstiftungen setzen sich in der Schweiz mit Kraft und Innovation f\u00fcr das Gemeinwohl ein. Mit SwissFoundations haben sie seit 2001 einen starken Partner an der Seite.&lt;br&gt;Als Gemeinschaftsinitiative von Schweizer Stiftungen gegr\u00fcndet, vertritt SwissFoundations deren Anliegen gegen\u00fcber \u00d6ffentlichkeit, Politik und Beh\u00f6rden und setzt sich f\u00fcr die nachhaltige St\u00e4rkung privaten Stiftungsengagements ein.\",\"potentialAction\":[{\"@type\":\"SearchAction\",\"target\":{\"@type\":\"EntryPoint\",\"urlTemplate\":\"https:\/\/www.swissfoundations.ch\/fr\/?s={search_term_string}\"},\"query-input\":{\"@type\":\"PropertyValueSpecification\",\"valueRequired\":true,\"valueName\":\"search_term_string\"}}],\"inLanguage\":\"fr-FR\"}]}<\/script>\n<!-- \/ Yoast SEO plugin. -->","yoast_head_json":{"title":"Inscription newsletter - SwissFoundations","robots":{"index":"index","follow":"follow","max-snippet":"max-snippet:-1","max-image-preview":"max-image-preview:large","max-video-preview":"max-video-preview:-1"},"canonical":"https:\/\/www.swissfoundations.ch\/fr\/inscription-newsletter\/","og_locale":"fr_FR","og_type":"article","og_title":"Inscription newsletter - SwissFoundations","og_url":"https:\/\/www.swissfoundations.ch\/fr\/inscription-newsletter\/","og_site_name":"SwissFoundations","article_modified_time":"2022-09-15T10:24:14+00:00","og_image":[{"width":541,"height":449,"url":"https:\/\/www.swissfoundations.ch\/wp-content\/uploads\/2021\/01\/NL-1.png","type":"image\/png"}],"twitter_card":"summary_large_image","schema":{"@context":"https:\/\/schema.org","@graph":[{"@type":"WebPage","@id":"https:\/\/www.swissfoundations.ch\/fr\/inscription-newsletter\/","url":"https:\/\/www.swissfoundations.ch\/fr\/inscription-newsletter\/","name":"Inscription newsletter - SwissFoundations","isPartOf":{"@id":"https:\/\/www.swissfoundations.ch\/fr\/#website"},"primaryImageOfPage":{"@id":"https:\/\/www.swissfoundations.ch\/fr\/inscription-newsletter\/#primaryimage"},"image":{"@id":"https:\/\/www.swissfoundations.ch\/fr\/inscription-newsletter\/#primaryimage"},"thumbnailUrl":"https:\/\/www.swissfoundations.ch\/wp-content\/uploads\/2021\/01\/NL-1.png","datePublished":"2020-12-18T10:25:47+00:00","dateModified":"2022-09-15T10:24:14+00:00","breadcrumb":{"@id":"https:\/\/www.swissfoundations.ch\/fr\/inscription-newsletter\/#breadcrumb"},"inLanguage":"fr-FR","potentialAction":[{"@type":"ReadAction","target":["https:\/\/www.swissfoundations.ch\/fr\/inscription-newsletter\/"]}]},{"@type":"ImageObject","inLanguage":"fr-FR","@id":"https:\/\/www.swissfoundations.ch\/fr\/inscription-newsletter\/#primaryimage","url":"https:\/\/www.swissfoundations.ch\/wp-content\/uploads\/2021\/01\/NL-1.png","contentUrl":"https:\/\/www.swissfoundations.ch\/wp-content\/uploads\/2021\/01\/NL-1.png","width":541,"height":449},{"@type":"BreadcrumbList","@id":"https:\/\/www.swissfoundations.ch\/fr\/inscription-newsletter\/#breadcrumb","itemListElement":[{"@type":"ListItem","position":1,"name":"Home","item":"https:\/\/www.swissfoundations.ch\/fr\/"},{"@type":"ListItem","position":2,"name":"Inscription newsletter"}]},{"@type":"WebSite","@id":"https:\/\/www.swissfoundations.ch\/fr\/#website","url":"https:\/\/www.swissfoundations.ch\/fr\/","name":"SwissFoundations","description":"rderstiftungen setzen sich in der Schweiz mit Kraft und Innovation f\u00fcr das Gemeinwohl ein. Mit SwissFoundations haben sie seit 2001 einen starken Partner an der Seite.&lt;br&gt;Als Gemeinschaftsinitiative von Schweizer Stiftungen gegr\u00fcndet, vertritt SwissFoundations deren Anliegen gegen\u00fcber \u00d6ffentlichkeit, Politik und Beh\u00f6rden und setzt sich f\u00fcr die nachhaltige St\u00e4rkung privaten Stiftungsengagements ein.","potentialAction":[{"@type":"SearchAction","target":{"@type":"EntryPoint","urlTemplate":"https:\/\/www.swissfoundations.ch\/fr\/?s={search_term_string}"},"query-input":{"@type":"PropertyValueSpecification","valueRequired":true,"valueName":"search_term_string"}}],"inLanguage":"fr-FR"}]}},"_links":{"self":[{"href":"https:\/\/www.swissfoundations.ch\/fr\/wp-json\/wp\/v2\/pages\/10570","targetHints":{"allow":["GET"]}}],"collection":[{"href":"https:\/\/www.swissfoundations.ch\/fr\/wp-json\/wp\/v2\/pages"}],"about":[{"href":"https:\/\/www.swissfoundations.ch\/fr\/wp-json\/wp\/v2\/types\/page"}],"author":[{"embeddable":true,"href":"https:\/\/www.swissfoundations.ch\/fr\/wp-json\/wp\/v2\/users\/3579"}],"replies":[{"embeddable":true,"href":"https:\/\/www.swissfoundations.ch\/fr\/wp-json\/wp\/v2\/comments?post=10570"}],"version-history":[{"count":5,"href":"https:\/\/www.swissfoundations.ch\/fr\/wp-json\/wp\/v2\/pages\/10570\/revisions"}],"predecessor-version":[{"id":21040,"href":"https:\/\/www.swissfoundations.ch\/fr\/wp-json\/wp\/v2\/pages\/10570\/revisions\/21040"}],"wp:featuredmedia":[{"embeddable":true,"href":"https:\/\/www.swissfoundations.ch\/fr\/wp-json\/wp\/v2\/media\/10646"}],"wp:attachment":[{"href":"https:\/\/www.swissfoundations.ch\/fr\/wp-json\/wp\/v2\/media?parent=10570"}],"curies":[{"name":"wp","href":"https:\/\/api.w.org\/{rel}","templated":true}]}}